{"id":830,"date":"2025-10-28T13:13:27","date_gmt":"2025-10-28T13:13:27","guid":{"rendered":"https:\/\/brave-heart.web-craft.dev\/?page_id=830"},"modified":"2026-02-25T11:18:21","modified_gmt":"2026-02-25T11:18:21","slug":"historier","status":"publish","type":"page","link":"https:\/\/brave-heart.org\/en\/historier\/","title":{"rendered":"Historier"},"content":{"rendered":"<div id=\"fws_69ff2db18513e\"  data-column-margin=\"default\" data-midnight=\"light\"  class=\"wpb_row vc_row-fluid vc_row full-width-section vc_row-o-full-height vc_row-o-columns-bottom vc_row-o-equal-height vc_row-flex parallax_section mobile-disable-bg-image-animation\"  style=\"padding-top: 0px; padding-bottom: 0px; \"><div class=\"row-bg-wrap\" data-bg-animation=\"zoom-out\" data-bg-animation-delay=\"\" data-bg-overlay=\"false\"><div class=\"inner-wrap row-bg-layer using-image\" ><div class=\"row-bg viewport-desktop using-image using-bg-color\" data-parallax-speed=\"medium_fast\" style=\"background-image: url(https:\/\/brave-heart.org\/wp-content\/uploads\/2026\/02\/IMG_4869-scaled.jpeg); background-position: center center; background-repeat: no-repeat; background-color: #262626; \"><\/div><\/div><div class=\"row-bg-overlay row-bg-layer\" style=\"background:linear-gradient(0deg, rgb(0,0,0) 0%, rgba(0,0,0,252) 0%, rgba(0, 0, 0, 160) 13%, rgba(0,0,0,0) 36%);\"><\/div><\/div><div class=\"row_col_wrap_12 col span_12 light left\">\n\t<div  class=\"vc_col-sm-12 wpb_column column_container vc_column_container col bottom_padding_desktop_40px flex_gap_desktop_10px\"  data-padding-pos=\"all\" data-has-bg-color=\"false\" data-bg-color=\"\" data-bg-opacity=\"1\" data-animation=\"\" data-delay=\"0\" >\n\t\t<div class=\"vc_column-inner\" >\n\t\t\t<div class=\"wpb_wrapper\">\n\t\t\t\t<div id=\"fws_69ff2db185efb\" data-midnight=\"\" data-column-margin=\"10px\" class=\"wpb_row vc_row-fluid vc_row inner_row vc_row-o-equal-height vc_row-flex vc_row-o-content-bottom\"  style=\"\"><div class=\"row-bg-wrap\"> <div class=\"row-bg\" ><\/div> <\/div><div class=\"row_col_wrap_12_inner col span_12  left\">\n\t<div  class=\"vc_col-sm-8 wpb_column column_container vc_column_container col child_column right_padding_desktop_15pct right_padding_tablet_50pct right_padding_phone_15pct flex_gap_desktop_10px\"   data-padding-pos=\"all\" data-has-bg-color=\"false\" data-bg-color=\"\" data-bg-opacity=\"1\" data-animation=\"\" data-delay=\"0\" >\n\t\t<div class=\"vc_column-inner\" >\n\t\t<div class=\"wpb_wrapper\">\n\t\t\t<div class=\"nectar-split-heading  font_size_3vw font_size_max_108px font_size_tablet_6vw font_size_phone_8vw font_line_height_1px\" data-align=\"default\" data-m-align=\"inherit\" data-text-effect=\"letter-reveal-bottom\" data-animation-type=\"line-reveal-by-space\" data-animation-delay=\"0\" data-animation-offset=\"\" data-m-rm-animation=\"\" data-stagger=\"true\" data-custom-font-size=\"true\" style=\"font-size: 3vw; line-height: 3.3vw;\"><h1 >Stories from Meheba<\/h1><\/div>\n\t\t<\/div> \n\t<\/div>\n\t<\/div> \n\n\t<div  class=\"vc_col-sm-2 vc_col-xs-9 wpb_column column_container vc_column_container col child_column has-animation left_padding_desktop_30pct left_padding_tablet_0px right_padding_tablet_30pct right_padding_phone_0px flex_gap_desktop_10px\"   data-padding-pos=\"all\" data-has-bg-color=\"false\" data-bg-color=\"\" data-bg-opacity=\"1\" data-animation=\"fade-in\" data-delay=\"300\" >\n\t\t<div class=\"vc_column-inner\" >\n\t\t<div class=\"wpb_wrapper\">\n\t\t\t\n\t\t<\/div> \n\t<\/div>\n\t<\/div> \n\n\t<div  class=\"vc_col-sm-2 vc_col-xs-3 wpb_column column_container vc_column_container col child_column has-animation no-extra-padding force-desktop-text-align-right inherit_tablet inherit_phone flex_gap_desktop_10px\"   data-padding-pos=\"all\" data-has-bg-color=\"false\" data-bg-color=\"\" data-bg-opacity=\"1\" data-animation=\"fade-in\" data-delay=\"500\" >\n\t\t<div class=\"vc_column-inner\" >\n\t\t<div class=\"wpb_wrapper\">\n\t\t\t<div class=\"nectar-next-section-wrap minimal-arrow alignment_tablet_right alignment_phone_default display_tablet_inherit display_phone_inherit\" style=\"--nectar-icon-gap: 10px; --nectar-next-section-icon-size: 1; \" data-align=\"right\" data-custom-color=\"false\">\n    <a href=\"#\" class=\"nectar-next-section skip-hash\">\n      <span class=\"screen-reader-text\">Navigate to the next section<\/span>\n      <svg class=\"next-arrow\" width=\"40px\" height=\"68px\" viewbox=\"0 0 40 50\" xml:space=\"preserve\">\n      <path stroke=\"#ffffff\" stroke-width=\"2\" fill=\"none\" d=\"M 20 0 L 20 51\"><\/path>\n      <polyline stroke=\"#ffffff\" stroke-width=\"2\" fill=\"none\" points=\"12, 44 20, 52 28, 44\"><\/polyline>\n      <\/svg>\n    <\/a>\n  <\/div>\n\t\t<\/div> \n\t<\/div>\n\t<\/div> \n<\/div><\/div>\n\t\t\t<\/div> \n\t\t<\/div>\n\t<\/div> \n<\/div><\/div>\n\t\t<div id=\"fws_69ff2db186f18\"  data-column-margin=\"default\" data-midnight=\"dark\"  class=\"wpb_row vc_row-fluid vc_row\"  style=\"padding-top: 0px; padding-bottom: 0px; \"><div class=\"row-bg-wrap\" data-bg-animation=\"none\" data-bg-animation-delay=\"\" data-bg-overlay=\"false\"><div class=\"inner-wrap row-bg-layer\" ><div class=\"row-bg viewport-desktop\"  style=\"\"><\/div><\/div><\/div><div class=\"row_col_wrap_12 col span_12 dark left\">\n\t<div  class=\"vc_col-sm-12 wpb_column column_container vc_column_container col no-extra-padding inherit_tablet inherit_phone flex_gap_desktop_10px\"  data-padding-pos=\"all\" data-has-bg-color=\"false\" data-bg-color=\"\" data-bg-opacity=\"1\" data-animation=\"\" data-delay=\"0\" >\n\t\t<div class=\"vc_column-inner\" >\n\t\t\t<div class=\"wpb_wrapper\">\n\t\t\t\t\n<div class=\"wpb_text_column wpb_content_element\" >\n\t<h1 data-start=\"109\" data-end=\"139\"><\/h1>\n<h3 data-start=\"141\" data-end=\"196\">Behind every number, there is a person. A life. A story.<\/h3>\n<p data-start=\"198\" data-end=\"489\">Here we share personal stories from people living in displacement. These are stories of courage, hope, and resilience in the midst of difficult circumstances. You will meet families rebuilding their daily lives, young people striving for education, and individuals who find ways forward despite great challenges.<\/p>\n<p data-start=\"491\" data-end=\"658\">These stories remind us that refugees are not only recipients of aid. They are resourceful individuals, dreamers, and people with a strong determination to create a better future.<\/p>\n<\/div>\n\n\n\n<div class=\"divider-wrap\" data-alignment=\"default\"><div style=\"height: 40px;\" class=\"divider\"><\/div><\/div>\n<div class=\"row\">\n\n <div class=\"post-area col featured_img_left span_12 col_last\" data-ams=\"\" data-remove-post-date=\"\" data-remove-post-author=\"1\" data-remove-post-comment-number=\"1\" data-remove-post-nectar-love=\"1\"> <div class=\"posts-container\" data-load-animation=\"none\">     \n     \n<article id=\"post-1148\" class=\"post-1148 post type-post status-publish format-standard has-post-thumbnail category-historier\">  \n  <div class=\"inner-wrap animated\">\n    <div class=\"post-content\">\n      <div class=\"article-content-wrap\">\n        <div class=\"post-featured-img-wrap\">\n          <a href=\"https:\/\/brave-heart.org\/en\/louisa-fra-tragedie-til-blomstring\/\" aria-label=\"When Care Brings Life Back \u2013 Luwiza\u2019s Story\"><span class=\"post-featured-img\"><img loading=\"lazy\" decoding=\"async\" width=\"591\" height=\"600\" src=\"https:\/\/brave-heart.org\/wp-content\/uploads\/2026\/02\/WhatsApp-Image-2026-02-12-at-08.52.41-591x600.jpeg\" class=\"attachment-wide_photography size-wide_photography skip-lazy wp-post-image\" alt=\"\" title=\"\" sizes=\"auto, (min-width: 690px) 40vw, 100vw\" \/><\/span><\/a>          \n        <\/div>\n        <div class=\"post-content-wrap\">\n          <a class=\"entire-meta-link\" href=\"https:\/\/brave-heart.org\/en\/louisa-fra-tragedie-til-blomstring\/\"><span class=\"screen-reader-text\">When Care Brings Life Back \u2013 Luwiza\u2019s Story<\/span><\/a>\n          <span class=\"meta-category\"><a class=\"historier\" href=\"https:\/\/brave-heart.org\/en\/category\/historier\/\">Historier<\/a><\/span>          \n          <div class=\"post-header\">\n            <h3 class=\"title\"><a href=\"https:\/\/brave-heart.org\/en\/louisa-fra-tragedie-til-blomstring\/\"> When Care Brings Life Back \u2013 Luwiza\u2019s Story<\/a><\/h3>\n          <\/div>\n          \n          <div class=\"excerpt\">I flyktningleiren Meheba i Zambia lever tusenvis av mennesker med erfaringer av krig, flukt og&hellip;<\/div><div class=\"grav-wrap\"><a href=\"https:\/\/brave-heart.org\/en\/author\/jonsteinar\/\"><img alt='jonsteinar' src='https:\/\/secure.gravatar.com\/avatar\/77e37f5bf747fe8c93e0d12a8966679b5f4bea909cea3ef7b8873071c083b30c?s=70&#038;d=mm&#038;r=g' srcset='https:\/\/secure.gravatar.com\/avatar\/77e37f5bf747fe8c93e0d12a8966679b5f4bea909cea3ef7b8873071c083b30c?s=140&#038;d=mm&#038;r=g 2x' class='avatar avatar-70 photo' height='70' width='70' \/><\/a><div class=\"text\"><a href=\"https:\/\/brave-heart.org\/en\/author\/jonsteinar\/\" rel=\"author\">jonsteinar<\/a><span>23.02.2026<\/span><\/div><\/div>        <\/div>\n      <\/div>\n    <\/div>\n  <\/div>\n<\/article>    \n    <\/div><!--\/posts container-->\n    \n      \n<\/div><!--\/post area-->\n\n  \n\n<\/div>\n\n\n\t\t\t<\/div> \n\t\t<\/div>\n\t<\/div> \n<\/div><\/div>","protected":false},"excerpt":{"rendered":"I flyktningleiren Meheba i Zambia lever tusenvis av mennesker med erfaringer av krig, flukt og tap. P\u00e5 Road 99, et av de mest avsidesliggende omr\u00e5dene i leiren, ble Luwiza f\u00f8dt....","protected":false},"author":1,"featured_media":0,"parent":0,"menu_order":0,"comment_status":"closed","ping_status":"closed","template":"","meta":{"inline_featured_image":false,"footnotes":""},"class_list":["post-830","page","type-page","status-publish"],"_links":{"self":[{"href":"https:\/\/brave-heart.org\/en\/wp-json\/wp\/v2\/pages\/830","targetHints":{"allow":["GET"]}}],"collection":[{"href":"https:\/\/brave-heart.org\/en\/wp-json\/wp\/v2\/pages"}],"about":[{"href":"https:\/\/brave-heart.org\/en\/wp-json\/wp\/v2\/types\/page"}],"author":[{"embeddable":true,"href":"https:\/\/brave-heart.org\/en\/wp-json\/wp\/v2\/users\/1"}],"replies":[{"embeddable":true,"href":"https:\/\/brave-heart.org\/en\/wp-json\/wp\/v2\/comments?post=830"}],"version-history":[{"count":15,"href":"https:\/\/brave-heart.org\/en\/wp-json\/wp\/v2\/pages\/830\/revisions"}],"predecessor-version":[{"id":1201,"href":"https:\/\/brave-heart.org\/en\/wp-json\/wp\/v2\/pages\/830\/revisions\/1201"}],"wp:attachment":[{"href":"https:\/\/brave-heart.org\/en\/wp-json\/wp\/v2\/media?parent=830"}],"curies":[{"name":"wp","href":"https:\/\/api.w.org\/{rel}","templated":true}]}}